{"id":39,"date":"2025-05-14T20:02:59","date_gmt":"2025-05-14T18:02:59","guid":{"rendered":"http:\/\/localhost\/svenskavavradet\/?page_id=39"},"modified":"2026-03-23T18:54:45","modified_gmt":"2026-03-23T17:54:45","slug":"medlemskap","status":"publish","type":"page","link":"https:\/\/svenskavavradet.com\/index.php\/medlemskap\/","title":{"rendered":"MEDLEMSKAP"},"content":{"rendered":"\n<div class=\"wp-block-group alignfull has-background has-global-padding is-layout-constrained wp-block-group-is-layout-constrained\" style=\"background-color:#f7f5ece8\">\n<div class=\"wp-block-group has-global-padding is-layout-constrained wp-block-group-is-layout-constrained\">\n<p class=\"has-text-align-center is-style-default has-black-color has-text-color has-link-color wp-elements-72a239149d461c398b9b69c92cd41089\">Som medlem i Svenska V\u00e4vr\u00e5det f\u00e5r ni en m\u00f6jlighet att p\u00e5verka handv\u00e4vningens framtid och utveckling, knyta kontakter med andra inom branschen samt delta i v\u00e4vm\u00e4ssor till ett rabatterat pris. F\u00f6retag, organisationer, skolor, utbildningar och institutioner som \u00e4r verksamma inom och har en koppling till v\u00e4vomr\u00e5det kan bli medlemmar i Svenska V\u00e4vr\u00e5det. Anv\u00e4nd formul\u00e4ret nedan vid ans\u00f6kan om medlemskap.<\/p>\n\n\n\n<div style=\"height:32px\" aria-hidden=\"true\" class=\"wp-block-spacer\"><\/div>\n<\/div>\n<\/div>\n\n\n\n<div class=\"wp-block-group alignfull has-global-color-9-background-color has-background has-global-padding is-layout-constrained wp-block-group-is-layout-constrained\">\n<div class=\"wp-block-group has-white-background-color has-background has-global-padding is-layout-constrained wp-container-core-group-is-layout-11c1ca01 wp-block-group-is-layout-constrained\" style=\"padding-right:var(--wp--preset--spacing--50);padding-left:var(--wp--preset--spacing--50)\">\n<h4 class=\"wp-block-heading\">Ans\u00f6kan om Medlemskap<\/h4>\n\n\n\n<p class=\"has-small-font-size\">Via detta formul\u00e4r kan du skicka in en ans\u00f6kan om att bli medlem i Svenska V\u00e4vr\u00e5det. Avgiften \u00e4r 850 kr per \u00e5r. Skolor\/utbildningar betalar 450 kr per \u00e5r. Efter godk\u00e4nnande av styrelsen skickar vi faktura p\u00e5 medlemsavgiften.<\/p>\n\n\n\n<div class=\"forminator-guttenberg\"><div class=\"forminator-ui forminator-custom-form forminator-custom-form-86 forminator-design--default  forminator_ajax\" data-forminator-render=\"0\" data-form=\"forminator-module-86\" data-uid=\"69e7d2463b281\"><br\/><\/div><form\n\t\t\t\tid=\"forminator-module-86\"\n\t\t\t\tclass=\"forminator-ui forminator-custom-form forminator-custom-form-86 forminator-design--default  forminator_ajax\"\n\t\t\t\tmethod=\"post\"\n\t\t\t\tdata-forminator-render=\"0\"\n\t\t\t\tdata-form-id=\"86\"\n\t\t\t\t data-color-option=\"theme\" data-design=\"default\" data-grid=\"open\" style=\"display: none;\"\n\t\t\t\tdata-uid=\"69e7d2463b281\"\n\t\t\t><div role=\"alert\" aria-live=\"polite\" class=\"forminator-response-message forminator-error\" aria-hidden=\"true\"><\/div><div class=\"forminator-row\"><div id=\"name-1\" class=\"forminator-field-name forminator-col forminator-col-12 \"><div class=\"forminator-field\"><label for=\"forminator-field-name-1_69e7d2463b281\" id=\"forminator-field-name-1_69e7d2463b281-label\" class=\"forminator-label\">Namn p\u00e5 verksamheten <span class=\"forminator-required\">*<\/span><\/label><input type=\"text\" name=\"name-1\" value=\"\" placeholder=\"\" id=\"forminator-field-name-1_69e7d2463b281\" class=\"forminator-input forminator-name--field\" aria-required=\"true\" autocomplete=\"name\" \/><\/div><\/div><\/div><div class=\"forminator-row\"><div id=\"text-1\" class=\"forminator-field-text forminator-col forminator-col-12 \"><div class=\"forminator-field\"><label for=\"forminator-field-text-1_69e7d2463b281\" id=\"forminator-field-text-1_69e7d2463b281-label\" class=\"forminator-label\">Verksamhet <span class=\"forminator-required\">*<\/span><\/label><span id=\"forminator-field-text-1_69e7d2463b281-description\" class=\"forminator-description\">Fyll i om ni \u00e4r en organisation, skola, utbildning, institution eller ett f\u00f6retag.<\/span><input type=\"text\" name=\"text-1\" value=\"\" placeholder=\"\" id=\"forminator-field-text-1_69e7d2463b281\" class=\"forminator-input forminator-name--field\" data-required=\"1\" aria-describedby=\"forminator-field-text-1_69e7d2463b281-description\" \/><\/div><\/div><\/div><div class=\"forminator-row\"><div id=\"address-1\" class=\"forminator-field-address forminator-col forminator-col-12 \"><div class=\"forminator-row\"><div id=\"address-1-street_address\" class=\"forminator-col\"><div class=\"forminator-field\"><label for=\"forminator-field-address-1-street_address_69e7d2463b281\" id=\"forminator-field-address-1-street_address_69e7d2463b281-label\" class=\"forminator-label\">Gatuadress <span class=\"forminator-required\">*<\/span><\/label><input type=\"text\" name=\"address-1-street_address\" placeholder=\"\" id=\"forminator-field-address-1-street_address_69e7d2463b281\" class=\"forminator-input\" data-required=\"1\" aria-required=\"true\" autocomplete=\"address-line1\" value=\"\" \/><\/div><\/div><\/div><div class=\"forminator-row\" data-multiple=\"false\"><div id=\"address-1-city\" class=\"forminator-col forminator-col-12\"><div class=\"forminator-field\"><label for=\"forminator-field-address-1-city_69e7d2463b281\" id=\"forminator-field-address-1-city_69e7d2463b281-label\" class=\"forminator-label\">Stad <span class=\"forminator-required\">*<\/span><\/label><input type=\"text\" name=\"address-1-city\" placeholder=\"\" id=\"forminator-field-address-1-city_69e7d2463b281\" class=\"forminator-input\" data-required=\"1\" aria-required=\"true\" autocomplete=\"address-level2\" value=\"\" \/><\/div><\/div><\/div><div class=\"forminator-row\" data-multiple=\"false\"><div id=\"address-1-zip\" class=\"forminator-col forminator-col-12\"><div class=\"forminator-field\"><label for=\"forminator-field-address-1-zip_69e7d2463b281\" id=\"forminator-field-address-1-zip_69e7d2463b281-label\" class=\"forminator-label\">Postkod <span class=\"forminator-required\">*<\/span><\/label><input type=\"text\" name=\"address-1-zip\" placeholder=\"12123\" id=\"forminator-field-address-1-zip_69e7d2463b281\" class=\"forminator-input\" autocomplete=\"postal-code\" value=\"\" \/><\/div><\/div><\/div><\/div><\/div><div class=\"forminator-row\"><div id=\"email-1\" class=\"forminator-field-email forminator-col forminator-col-12 \"><div class=\"forminator-field\"><label for=\"forminator-field-email-1_69e7d2463b281\" id=\"forminator-field-email-1_69e7d2463b281-label\" class=\"forminator-label\">E-postadress <span class=\"forminator-required\">*<\/span><\/label><input type=\"email\" name=\"email-1\" value=\"\" placeholder=\"\" id=\"forminator-field-email-1_69e7d2463b281\" class=\"forminator-input forminator-email--field\" data-required=\"1\" aria-required=\"true\" autocomplete=\"email\" \/><\/div><\/div><\/div><div class=\"forminator-row\"><div id=\"phone-1\" class=\"forminator-field-phone forminator-col forminator-col-12 \"><div class=\"forminator-field\"><label for=\"forminator-field-phone-1_69e7d2463b281\" id=\"forminator-field-phone-1_69e7d2463b281-label\" class=\"forminator-label\">Telefonnummer <span class=\"forminator-required\">*<\/span><\/label><input type=\"text\" name=\"phone-1\" value=\"\" placeholder=\"\" id=\"forminator-field-phone-1_69e7d2463b281\" class=\"forminator-input forminator-field--phone\" data-required=\"1\" aria-required=\"true\" autocomplete=\"off\" \/><\/div><\/div><\/div><div class=\"forminator-row\"><div id=\"url-1\" class=\"forminator-field-url forminator-col forminator-col-12 \"><div class=\"forminator-field\"><label for=\"forminator-field-url-1_69e7d2463b281\" id=\"forminator-field-url-1_69e7d2463b281-label\" class=\"forminator-label\">Hemsida<\/label><input type=\"url\" name=\"url-1\" value=\"\" placeholder=\"\" id=\"forminator-field-url-1_69e7d2463b281\" class=\"forminator-input forminator-website--field\" data-required=\"\" aria-required=\"false\" \/><\/div><\/div><\/div><div class=\"forminator-row\"><div id=\"textarea-1\" class=\"forminator-field-textarea forminator-col forminator-col-12 \"><div class=\"forminator-field\"><label for=\"forminator-field-textarea-1_69e7d2463b281\" id=\"forminator-field-textarea-1_69e7d2463b281-label\" class=\"forminator-label\">Beskriv verksamhetens anknytning till v\u00e4vomr\u00e5det: <span class=\"forminator-required\">*<\/span><\/label><textarea name=\"textarea-1\" placeholder=\"\" id=\"forminator-field-textarea-1_69e7d2463b281\" class=\"forminator-textarea\" rows=\"6\" style=\"min-height:140px;\" ><\/textarea><\/div><\/div><\/div><input type=\"hidden\" name=\"referer_url\" value=\"\" \/><div class=\"forminator-row forminator-row-last\"><div class=\"forminator-col\"><div class=\"forminator-field\"><button class=\"forminator-button forminator-button-submit\">Skicka ans&ouml;kan<\/button><\/div><\/div><\/div><input type=\"hidden\" id=\"forminator_nonce\" name=\"forminator_nonce\" value=\"c8f7c6b91f\" \/><input type=\"hidden\" name=\"_wp_http_referer\" value=\"\/index.php\/wp-json\/wp\/v2\/pages\/39\" \/><input type=\"hidden\" name=\"form_id\" value=\"86\"><input type=\"hidden\" name=\"page_id\" value=\"39\"><input type=\"hidden\" name=\"form_type\" value=\"default\"><input type=\"hidden\" name=\"current_url\" value=\"https:\/\/svenskavavradet.com\/index.php\/medlemskap\/\"><input type=\"hidden\" name=\"render_id\" value=\"0\"><input type=\"hidden\" name=\"action\" value=\"forminator_submit_form_custom-forms\"><label for=\"input_8\" class=\"forminator-hidden\" aria-hidden=\"true\">Please do not fill in this field. <input id=\"input_8\" type=\"text\" name=\"input_8\" value=\"\" autocomplete=\"off\"><\/label><\/form><\/div>\n<\/div>\n<\/div>\n","protected":false},"excerpt":{"rendered":"<p>Som medlem i Svenska V\u00e4vr\u00e5det f\u00e5r ni en m\u00f6jlighet att p\u00e5verka handv\u00e4vningens framtid och utveckling, knyta kontakter med andra inom branschen samt [&hellip;]<\/p>\n","protected":false},"author":1,"featured_media":0,"parent":0,"menu_order":0,"comment_status":"closed","ping_status":"closed","template":"","meta":{"footnotes":""},"class_list":["post-39","page","type-page","status-publish","hentry"],"_links":{"self":[{"href":"https:\/\/svenskavavradet.com\/index.php\/wp-json\/wp\/v2\/pages\/39","targetHints":{"allow":["GET"]}}],"collection":[{"href":"https:\/\/svenskavavradet.com\/index.php\/wp-json\/wp\/v2\/pages"}],"about":[{"href":"https:\/\/svenskavavradet.com\/index.php\/wp-json\/wp\/v2\/types\/page"}],"author":[{"embeddable":true,"href":"https:\/\/svenskavavradet.com\/index.php\/wp-json\/wp\/v2\/users\/1"}],"replies":[{"embeddable":true,"href":"https:\/\/svenskavavradet.com\/index.php\/wp-json\/wp\/v2\/comments?post=39"}],"version-history":[{"count":14,"href":"https:\/\/svenskavavradet.com\/index.php\/wp-json\/wp\/v2\/pages\/39\/revisions"}],"predecessor-version":[{"id":1367,"href":"https:\/\/svenskavavradet.com\/index.php\/wp-json\/wp\/v2\/pages\/39\/revisions\/1367"}],"wp:attachment":[{"href":"https:\/\/svenskavavradet.com\/index.php\/wp-json\/wp\/v2\/media?parent=39"}],"curies":[{"name":"wp","href":"https:\/\/api.w.org\/{rel}","templated":true}]}}