{"id":34,"date":"2025-05-14T19:56:25","date_gmt":"2025-05-14T17:56:25","guid":{"rendered":"http:\/\/localhost\/svenskavavradet\/?page_id=34"},"modified":"2026-03-23T18:53:36","modified_gmt":"2026-03-23T17:53:36","slug":"svenska-vavradet","status":"publish","type":"page","link":"https:\/\/svenskavavradet.com\/","title":{"rendered":"Svenska V\u00e4vr\u00e5det"},"content":{"rendered":"\n<div class=\"wp-block-group alignfull has-background has-global-padding is-layout-constrained wp-block-group-is-layout-constrained\" style=\"background-color:#f7f5ece8\">\n<div class=\"wp-block-group has-global-padding is-layout-constrained wp-block-group-is-layout-constrained\">\n<p class=\"has-text-align-center is-style-default has-black-color has-text-color has-link-color wp-elements-e7228b8f567e51e67f3d1a2336c8442e\">Vi arbetar med att utveckla v\u00e4vningen, bevara traditionen, bevaka utbildningen samt synligg\u00f6ra den svenska handv\u00e4vningen genom att \u00e5rligen utse stipendiater inom v\u00e4vning, ordna v\u00e4vm\u00e4ssor vart tredje \u00e5r &nbsp;samt vara referens- och diskussionspartner f\u00f6r v\u00e4vfr\u00e5gor.<\/p>\n<\/div>\n<\/div>\n\n\n\n<div class=\"wp-block-group has-global-color-9-background-color has-background has-global-padding is-layout-constrained wp-block-group-is-layout-constrained\">\n<h2 class=\"wp-block-heading has-text-align-center\">Ans\u00f6kan till Stipendium I \u00f6ppen<\/h2>\n\n\n\n<div class=\"wp-block-buttons is-content-justification-center is-layout-flex wp-container-core-buttons-is-layout-a89b3969 wp-block-buttons-is-layout-flex\">\n<div class=\"wp-block-button\"><a class=\"wp-block-button__link wp-element-button\" href=\"https:\/\/svenskavavradet.com\/index.php\/stipendier\/\">L\u00e4s mer h\u00e4r<\/a><\/div>\n<\/div>\n\n\n\n<p class=\"has-text-align-center\">F\u00f6r nyutexaminerad (max 1 l\u00e4s\u00e5r efter avslutad utbildning) fr\u00e5n n\u00e5gon av f\u00f6ljande Konst &amp; Kulturutbildningarna:<br>S\u00e4tergl\u00e4ntan Institutet f\u00f6r sl\u00f6jd och hantverk, HV Skola, Capellag\u00e5rden, Stenebyskolan, Nyckelviksskolan, HDK, Konstfack, Textilh\u00f6gskolan i Bor\u00e5s, Link\u00f6pings universitet, G\u00f6teborgs universitet eller motsvarande utbildning.<br><br><strong>Ans\u00f6kan ska vara oss tillhanda senast den 16 juni 2026<\/strong>. Stipendierna tillk\u00e4nnages i slutet av juni 2026<\/p>\n\n\n\n<figure class=\"wp-block-image aligncenter size-large\"><img loading=\"lazy\" decoding=\"async\" width=\"768\" height=\"1024\" src=\"https:\/\/svenskavavradet.com\/wp-content\/uploads\/2025\/08\/Dain_Lee_bild1-768x1024.jpeg\" alt=\"\" class=\"wp-image-1220\" srcset=\"https:\/\/svenskavavradet.com\/wp-content\/uploads\/2025\/08\/Dain_Lee_bild1-768x1024.jpeg 768w, https:\/\/svenskavavradet.com\/wp-content\/uploads\/2025\/08\/Dain_Lee_bild1-225x300.jpeg 225w, https:\/\/svenskavavradet.com\/wp-content\/uploads\/2025\/08\/Dain_Lee_bild1-516x688.jpeg 516w, https:\/\/svenskavavradet.com\/wp-content\/uploads\/2025\/08\/Dain_Lee_bild1-1152x1536.jpeg 1152w, https:\/\/svenskavavradet.com\/wp-content\/uploads\/2025\/08\/Dain_Lee_bild1-1536x2048.jpeg 1536w, https:\/\/svenskavavradet.com\/wp-content\/uploads\/2025\/08\/Dain_Lee_bild1-1000x1333.jpeg 1000w, https:\/\/svenskavavradet.com\/wp-content\/uploads\/2025\/08\/Dain_Lee_bild1-230x307.jpeg 230w, https:\/\/svenskavavradet.com\/wp-content\/uploads\/2025\/08\/Dain_Lee_bild1-350x467.jpeg 350w, https:\/\/svenskavavradet.com\/wp-content\/uploads\/2025\/08\/Dain_Lee_bild1-480x640.jpeg 480w, https:\/\/svenskavavradet.com\/wp-content\/uploads\/2025\/08\/Dain_Lee_bild1-scaled.jpeg 1920w\" sizes=\"auto, (max-width: 768px) 100vw, 768px\" \/><\/figure>\n\n\n\n<p>Verk av Dain Lee, Stipendiat 2025<\/p>\n<\/div>\n\n\n\n<p><\/p>\n\n\n\n<div class=\"wp-block-group alignfull startsida has-global-color-9-background-color has-background has-global-padding is-layout-constrained wp-block-group-is-layout-constrained\">\n<div class=\"wp-block-group alignwide start-links is-layout-grid wp-container-core-group-is-layout-979a7c55 wp-block-group-is-layout-grid\">\n<div class=\"wp-block-group has-white-background-color has-background has-global-padding is-layout-constrained wp-block-group-is-layout-constrained\">\n<figure class=\"wp-block-image size-full\"><img loading=\"lazy\" decoding=\"async\" width=\"1091\" height=\"739\" src=\"https:\/\/svenskavavradet.com\/wp-content\/uploads\/2025\/05\/vav2025-3.png\" alt=\"\" class=\"wp-image-754\" \/><\/figure>\n\n\n\n<h4 class=\"wp-block-heading\">Tack, G\u00e4vle, f\u00f6r V\u00c4V2025!<\/h4>\n\n\n\n<p>Vilken kunskap, vilka utst\u00e4llningar och vilket engagemang! 5.800 bes\u00f6kare tog del av det V\u00c4V2025 hade att bjuda p\u00e5. Endast tillsammans kan det g\u00e5 att arrangera ett s\u00e5dant stort arrangemang. Tack fr\u00e5n styrelsen till alla inblandade som varit med och lyft v\u00e4vningen!<\/p>\n\n\n\n<div class=\"wp-block-buttons is-layout-flex wp-block-buttons-is-layout-flex\">\n<div class=\"wp-block-button\"><a class=\"wp-block-button__link wp-element-button\" href=\"https:\/\/vavmassan.com\/\">vavmassan.com<\/a><\/div>\n<\/div>\n<\/div>\n\n\n\n<div class=\"wp-block-group has-white-background-color has-background has-global-padding is-layout-constrained wp-block-group-is-layout-constrained\">\n<figure class=\"wp-block-image size-full\"><img loading=\"lazy\" decoding=\"async\" width=\"1091\" height=\"739\" src=\"https:\/\/svenskavavradet.com\/wp-content\/uploads\/2025\/05\/stipendie_2024-1.png\" alt=\"\" class=\"wp-image-756\" \/><\/figure>\n\n\n\n<h4 class=\"wp-block-heading\">Ans\u00f6k om stipendium<\/h4>\n\n\n\n<p>Svenska V\u00e4vr\u00e5det delar 2026 ut ett stipendium till nyutexaminerad inom handv\u00e4vning<\/p>\n\n\n\n<p><a href=\"https:\/\/svenskavavradet.com\/index.php\/stipendier\/\" data-type=\"page\" data-id=\"45\">L\u00e4s mer om stipendierna och ans\u00f6k h\u00e4r<\/a><\/p>\n<\/div>\n\n\n\n<div class=\"wp-block-group has-white-background-color has-background has-global-padding is-layout-constrained wp-block-group-is-layout-constrained\">\n<figure class=\"wp-block-image size-full\"><img loading=\"lazy\" decoding=\"async\" width=\"1091\" height=\"739\" src=\"https:\/\/svenskavavradet.com\/wp-content\/uploads\/2025\/05\/vavmassan2028-1.png\" alt=\"\" class=\"wp-image-764\" \/><\/figure>\n\n\n\n<h4 class=\"wp-block-heading\">Ans\u00f6kan st\u00e4ngd inf\u00f6r V\u00c4V2028<\/h4>\n\n\n\n<p>31 januari 2026 var sista datum f\u00f6r att ans\u00f6ka om att st\u00e5 v\u00e4rd f\u00f6r V\u00c4V2028. Styrelsen p\u00e5b\u00f6rjar under v\u00e5ren 2026 ett diskussionsarbete utifr\u00e5n de ans\u00f6kningar som inkommit.<\/p>\n\n\n\n<p><\/p>\n<\/div>\n<\/div>\n\n\n\n<p><\/p>\n\n\n\n<div style=\"height:18px\" aria-hidden=\"true\" class=\"wp-block-spacer\"><\/div>\n<\/div>\n","protected":false},"excerpt":{"rendered":"<p>Vi arbetar med att utveckla v\u00e4vningen, bevara traditionen, bevaka utbildningen samt synligg\u00f6ra den svenska handv\u00e4vningen genom att \u00e5rligen utse stipendiater inom v\u00e4vning, [&hellip;]<\/p>\n","protected":false},"author":1,"featured_media":0,"parent":0,"menu_order":0,"comment_status":"closed","ping_status":"closed","template":"","meta":{"footnotes":""},"class_list":["post-34","page","type-page","status-publish","hentry"],"_links":{"self":[{"href":"https:\/\/svenskavavradet.com\/index.php\/wp-json\/wp\/v2\/pages\/34","targetHints":{"allow":["GET"]}}],"collection":[{"href":"https:\/\/svenskavavradet.com\/index.php\/wp-json\/wp\/v2\/pages"}],"about":[{"href":"https:\/\/svenskavavradet.com\/index.php\/wp-json\/wp\/v2\/types\/page"}],"author":[{"embeddable":true,"href":"https:\/\/svenskavavradet.com\/index.php\/wp-json\/wp\/v2\/users\/1"}],"replies":[{"embeddable":true,"href":"https:\/\/svenskavavradet.com\/index.php\/wp-json\/wp\/v2\/comments?post=34"}],"version-history":[{"count":98,"href":"https:\/\/svenskavavradet.com\/index.php\/wp-json\/wp\/v2\/pages\/34\/revisions"}],"predecessor-version":[{"id":1366,"href":"https:\/\/svenskavavradet.com\/index.php\/wp-json\/wp\/v2\/pages\/34\/revisions\/1366"}],"wp:attachment":[{"href":"https:\/\/svenskavavradet.com\/index.php\/wp-json\/wp\/v2\/media?parent=34"}],"curies":[{"name":"wp","href":"https:\/\/api.w.org\/{rel}","templated":true}]}}